{"id":1135,"date":"2022-02-17T21:04:06","date_gmt":"2022-02-17T20:04:06","guid":{"rendered":"https:\/\/www.badspirits.it\/nuestra-historia\/"},"modified":"2023-11-03T10:22:29","modified_gmt":"2023-11-03T09:22:29","slug":"nuestra-historia","status":"publish","type":"page","link":"https:\/\/www.badspirits.it\/es\/nuestra-historia\/","title":{"rendered":"Nuestra historia"},"content":{"rendered":"\t\t<div data-elementor-type=\"wp-page\" data-elementor-id=\"1135\" class=\"elementor elementor-1135 elementor-970\">\n\t\t\t\t\t\t<section class=\"elementor-section elementor-top-section elementor-element elementor-element-78a63c7 elementor-section-full_width elementor-section-stretched elementor-section-height-default elementor-section-height-default\" data-id=\"78a63c7\" data-element_type=\"section\" data-settings=\"{&quot;stretch_section&quot;:&quot;section-stretched&quot;,&quot;background_background&quot;:&quot;classic&quot;}\">\n\t\t\t\t\t\t<div class=\"elementor-container elementor-column-gap-default\">\n\t\t\t\t\t<div class=\"elementor-column elementor-col-100 elementor-top-column elementor-element elementor-element-8c8e86d\" data-id=\"8c8e86d\" data-element_type=\"column\">\n\t\t\t<div class=\"elementor-widget-wrap\">\n\t\t\t\t\t\t\t<\/div>\n\t\t<\/div>\n\t\t\t\t\t<\/div>\n\t\t<\/section>\n\t\t\t\t<section class=\"elementor-section elementor-top-section elementor-element elementor-element-d3ed529 elementor-section-full_width elementor-section-height-default elementor-section-height-default\" data-id=\"d3ed529\" data-element_type=\"section\">\n\t\t\t\t\t\t<div class=\"elementor-container elementor-column-gap-default\">\n\t\t\t\t\t<div class=\"elementor-column elementor-col-50 elementor-top-column elementor-element elementor-element-1a86dff\" data-id=\"1a86dff\" data-element_type=\"column\" data-settings=\"{&quot;background_background&quot;:&quot;classic&quot;}\">\n\t\t\t<div class=\"elementor-widget-wrap elementor-element-populated\">\n\t\t\t\t\t\t<div class=\"elementor-element elementor-element-ae6805d elementor-widget elementor-widget-text-editor\" data-id=\"ae6805d\" data-element_type=\"widget\" data-widget_type=\"text-editor.default\">\n\t\t\t\t<div class=\"elementor-widget-container\">\n\t\t\t\t\t\t\t<p>Andrea De Cinque y su hijo Alessandro fundaron su destiler\u00eda en octubre de 2015 en Bolonia: la pasi\u00f3n de ambos por el mundo de las bebidas y los treinta a\u00f1os de experiencia de Andrea en este sector fueron la clave para crear una serie de licores artesanales de alta calidad.<\/p>\n<p>En los a\u00f1os siguientes la empresa crece, se transforma y se expande, y decide renovarse, modernizando botellas y etiquetas con una identidad \u00fanica.<\/p>\n<p>Nuestros productos son impredecibles: licores nacidos de antiguas recetas de m\u00e1s de un siglo, licores modernos pero llenos de sentimiento por sus or\u00edgenes, y tambi\u00e9n licores fruto de inesperados pero geniales errores.<\/p>\n\t\t\t\t\t\t<\/div>\n\t\t\t\t<\/div>\n\t\t\t\t\t<\/div>\n\t\t<\/div>\n\t\t\t\t<div class=\"elementor-column elementor-col-50 elementor-top-column elementor-element elementor-element-cd6663d\" data-id=\"cd6663d\" data-element_type=\"column\" data-settings=\"{&quot;background_background&quot;:&quot;classic&quot;}\">\n\t\t\t<div class=\"elementor-widget-wrap elementor-element-populated\">\n\t\t\t\t\t\t<div class=\"elementor-element elementor-element-6a087b4 elementor-hidden-desktop elementor-widget elementor-widget-spacer\" data-id=\"6a087b4\" data-element_type=\"widget\" data-widget_type=\"spacer.default\">\n\t\t\t\t<div class=\"elementor-widget-container\">\n\t\t\t\t\t<div class=\"elementor-spacer\">\n\t\t\t<div class=\"elementor-spacer-inner\"><\/div>\n\t\t<\/div>\n\t\t\t\t<\/div>\n\t\t\t\t<\/div>\n\t\t\t\t\t<\/div>\n\t\t<\/div>\n\t\t\t\t\t<\/div>\n\t\t<\/section>\n\t\t\t\t<section class=\"elementor-section elementor-top-section elementor-element elementor-element-b4ac095 elementor-section-full_width elementor-reverse-tablet elementor-reverse-mobile elementor-section-height-default elementor-section-height-default\" data-id=\"b4ac095\" data-element_type=\"section\">\n\t\t\t\t\t\t<div class=\"elementor-container elementor-column-gap-default\">\n\t\t\t\t\t<div class=\"elementor-column elementor-col-50 elementor-top-column elementor-element elementor-element-04a48e7\" data-id=\"04a48e7\" data-element_type=\"column\" data-settings=\"{&quot;background_background&quot;:&quot;classic&quot;}\">\n\t\t\t<div class=\"elementor-widget-wrap elementor-element-populated\">\n\t\t\t\t\t\t<div class=\"elementor-element elementor-element-03996c3 elementor-hidden-desktop elementor-widget elementor-widget-spacer\" data-id=\"03996c3\" data-element_type=\"widget\" data-widget_type=\"spacer.default\">\n\t\t\t\t<div class=\"elementor-widget-container\">\n\t\t\t\t\t<div class=\"elementor-spacer\">\n\t\t\t<div class=\"elementor-spacer-inner\"><\/div>\n\t\t<\/div>\n\t\t\t\t<\/div>\n\t\t\t\t<\/div>\n\t\t\t\t\t<\/div>\n\t\t<\/div>\n\t\t\t\t<div class=\"elementor-column elementor-col-50 elementor-top-column elementor-element elementor-element-208c07b\" data-id=\"208c07b\" data-element_type=\"column\" data-settings=\"{&quot;background_background&quot;:&quot;classic&quot;}\">\n\t\t\t<div class=\"elementor-widget-wrap elementor-element-populated\">\n\t\t\t\t\t\t<div class=\"elementor-element elementor-element-1c3b671 elementor-widget elementor-widget-text-editor\" data-id=\"1c3b671\" data-element_type=\"widget\" data-widget_type=\"text-editor.default\">\n\t\t\t\t<div class=\"elementor-widget-container\">\n\t\t\t\t\t\t\t<p>El redescubrimiento de la herencia cultural del bisabuelo Ferdinando de Cinque (1876 \u2013 1950) ha sacado a la luz un patrimonio intelectual de inestimable valor y de incre\u00edble actualidad: centenares de notas y f\u00f3rmulas, a\u00fan por estudiar, que podr\u00e1n darnos sorpresas en este futuro pr\u00f3ximo.<\/p>\n<p>La empresa est\u00e1 en continuo desarrollo y sus productos son cada vez m\u00e1s conocidos, ganando tambi\u00e9n numerosos premios en toda Italia.<\/p>\n<p>Hoy Bad Spirits cuenta con productos \u00fanicos en el mercado y nunca ha dejado de dar importancia a la calidad y convertirla en su punto fuerte, utilizando \u00fanicamente materias primas excelentes.<\/p>\n\t\t\t\t\t\t<\/div>\n\t\t\t\t<\/div>\n\t\t\t\t\t<\/div>\n\t\t<\/div>\n\t\t\t\t\t<\/div>\n\t\t<\/section>\n\t\t\t\t<section class=\"elementor-section elementor-top-section elementor-element elementor-element-c604360 elementor-section-full_width elementor-section-height-default elementor-section-height-default\" data-id=\"c604360\" data-element_type=\"section\">\n\t\t\t\t\t\t<div class=\"elementor-container elementor-column-gap-default\">\n\t\t\t\t\t<div class=\"elementor-column elementor-col-50 elementor-top-column elementor-element elementor-element-46a79e2\" data-id=\"46a79e2\" data-element_type=\"column\" data-settings=\"{&quot;background_background&quot;:&quot;classic&quot;}\">\n\t\t\t<div class=\"elementor-widget-wrap elementor-element-populated\">\n\t\t\t\t\t\t<div class=\"elementor-element elementor-element-2e01fb5 elementor-widget elementor-widget-text-editor\" data-id=\"2e01fb5\" data-element_type=\"widget\" data-widget_type=\"text-editor.default\">\n\t\t\t\t<div class=\"elementor-widget-container\">\n\t\t\t\t\t\t\t<p>El alcohol de cereales, concretamente de trigo y centeno, empleado como base de todos los productos, es una ayuda esencial para reducir completamente el regusto alcoh\u00f3lico y dar una consistencia suave a cada licor.<\/p>\n<p>Por \u00faltimo, todos los aromas utilizados son totalmente naturales y no contienen al\u00e9rgenos.<\/p>\n\t\t\t\t\t\t<\/div>\n\t\t\t\t<\/div>\n\t\t\t\t\t<\/div>\n\t\t<\/div>\n\t\t\t\t<div class=\"elementor-column elementor-col-50 elementor-top-column elementor-element elementor-element-c7dda55\" data-id=\"c7dda55\" data-element_type=\"column\" data-settings=\"{&quot;background_background&quot;:&quot;classic&quot;}\">\n\t\t\t<div class=\"elementor-widget-wrap elementor-element-populated\">\n\t\t\t\t\t\t<div class=\"elementor-element elementor-element-f8a04e2 elementor-hidden-desktop elementor-widget elementor-widget-spacer\" data-id=\"f8a04e2\" data-element_type=\"widget\" data-widget_type=\"spacer.default\">\n\t\t\t\t<div class=\"elementor-widget-container\">\n\t\t\t\t\t<div class=\"elementor-spacer\">\n\t\t\t<div class=\"elementor-spacer-inner\"><\/div>\n\t\t<\/div>\n\t\t\t\t<\/div>\n\t\t\t\t<\/div>\n\t\t\t\t\t<\/div>\n\t\t<\/div>\n\t\t\t\t\t<\/div>\n\t\t<\/section>\n\t\t\t\t<\/div>\n\t\t","protected":false},"excerpt":{"rendered":"<p>Andrea De Cinque y su hijo Alessandro fundaron su destiler\u00eda en octubre de 2015 en Bolonia: la pasi\u00f3n de ambos por el mundo de las bebidas y los treinta a\u00f1os de experiencia de Andrea en este sector fueron la clave para crear una serie de licores artesanales de alta calidad&#8230;.<\/p>\n","protected":false},"author":3,"featured_media":0,"parent":0,"menu_order":0,"comment_status":"closed","ping_status":"closed","template":"elementor_header_footer","meta":{"inline_featured_image":false,"footnotes":""},"class_list":["post-1135","page","type-page","status-publish","hentry"],"yoast_head":"<!-- This site is optimized with the Yoast SEO plugin v24.9 - https:\/\/yoast.com\/wordpress\/plugins\/seo\/ -->\n<title>Nuestra historia - Bad Spirits<\/title>\n<meta name=\"robots\" content=\"index, follow, max-snippet:-1, max-image-preview:large, max-video-preview:-1\" \/>\n<link rel=\"canonical\" href=\"https:\/\/www.badspirits.it\/es\/nuestra-historia\/\" \/>\n<meta property=\"og:locale\" content=\"es_ES\" \/>\n<meta property=\"og:type\" content=\"article\" \/>\n<meta property=\"og:title\" content=\"Nuestra historia - Bad Spirits\" \/>\n<meta property=\"og:description\" content=\"Andrea De Cinque y su hijo Alessandro fundaron su destiler\u00eda en octubre de 2015 en Bolonia: la pasi\u00f3n de ambos por el mundo de las bebidas y los treinta a\u00f1os de experiencia de Andrea en este sector fueron la clave para crear una serie de licores artesanales de alta calidad....\" \/>\n<meta property=\"og:url\" content=\"https:\/\/www.badspirits.it\/es\/nuestra-historia\/\" \/>\n<meta property=\"og:site_name\" content=\"Bad Spirits\" \/>\n<meta property=\"article:modified_time\" content=\"2023-11-03T09:22:29+00:00\" \/>\n<meta name=\"twitter:card\" content=\"summary_large_image\" \/>\n<meta name=\"twitter:label1\" content=\"Tiempo de lectura\" \/>\n\t<meta name=\"twitter:data1\" content=\"1 minuto\" \/>\n<script type=\"application\/ld+json\" class=\"yoast-schema-graph\">{\"@context\":\"https:\/\/schema.org\",\"@graph\":[{\"@type\":\"WebPage\",\"@id\":\"https:\/\/www.badspirits.it\/es\/nuestra-historia\/\",\"url\":\"https:\/\/www.badspirits.it\/es\/nuestra-historia\/\",\"name\":\"Nuestra historia - Bad Spirits\",\"isPartOf\":{\"@id\":\"https:\/\/www.badspirits.it\/es\/#website\"},\"datePublished\":\"2022-02-17T20:04:06+00:00\",\"dateModified\":\"2023-11-03T09:22:29+00:00\",\"breadcrumb\":{\"@id\":\"https:\/\/www.badspirits.it\/es\/nuestra-historia\/#breadcrumb\"},\"inLanguage\":\"es\",\"potentialAction\":[{\"@type\":\"ReadAction\",\"target\":[\"https:\/\/www.badspirits.it\/es\/nuestra-historia\/\"]}]},{\"@type\":\"BreadcrumbList\",\"@id\":\"https:\/\/www.badspirits.it\/es\/nuestra-historia\/#breadcrumb\",\"itemListElement\":[{\"@type\":\"ListItem\",\"position\":1,\"name\":\"Home\",\"item\":\"https:\/\/www.badspirits.it\/es\/\"},{\"@type\":\"ListItem\",\"position\":2,\"name\":\"Nuestra historia\"}]},{\"@type\":\"WebSite\",\"@id\":\"https:\/\/www.badspirits.it\/es\/#website\",\"url\":\"https:\/\/www.badspirits.it\/es\/\",\"name\":\"Bad Spirits\",\"description\":\"\",\"publisher\":{\"@id\":\"https:\/\/www.badspirits.it\/es\/#organization\"},\"potentialAction\":[{\"@type\":\"SearchAction\",\"target\":{\"@type\":\"EntryPoint\",\"urlTemplate\":\"https:\/\/www.badspirits.it\/es\/?s={search_term_string}\"},\"query-input\":{\"@type\":\"PropertyValueSpecification\",\"valueRequired\":true,\"valueName\":\"search_term_string\"}}],\"inLanguage\":\"es\"},{\"@type\":\"Organization\",\"@id\":\"https:\/\/www.badspirits.it\/es\/#organization\",\"name\":\"Bad Spirits\",\"url\":\"https:\/\/www.badspirits.it\/es\/\",\"logo\":{\"@type\":\"ImageObject\",\"inLanguage\":\"es\",\"@id\":\"https:\/\/www.badspirits.it\/es\/#\/schema\/logo\/image\/\",\"url\":\"https:\/\/www.badspirits.it\/wp-content\/uploads\/2022\/05\/bad-spirits.svg\",\"contentUrl\":\"https:\/\/www.badspirits.it\/wp-content\/uploads\/2022\/05\/bad-spirits.svg\",\"width\":163,\"height\":120,\"caption\":\"Bad Spirits\"},\"image\":{\"@id\":\"https:\/\/www.badspirits.it\/es\/#\/schema\/logo\/image\/\"}}]}<\/script>\n<!-- \/ Yoast SEO plugin. -->","yoast_head_json":{"title":"Nuestra historia - Bad Spirits","robots":{"index":"index","follow":"follow","max-snippet":"max-snippet:-1","max-image-preview":"max-image-preview:large","max-video-preview":"max-video-preview:-1"},"canonical":"https:\/\/www.badspirits.it\/es\/nuestra-historia\/","og_locale":"es_ES","og_type":"article","og_title":"Nuestra historia - Bad Spirits","og_description":"Andrea De Cinque y su hijo Alessandro fundaron su destiler\u00eda en octubre de 2015 en Bolonia: la pasi\u00f3n de ambos por el mundo de las bebidas y los treinta a\u00f1os de experiencia de Andrea en este sector fueron la clave para crear una serie de licores artesanales de alta calidad....","og_url":"https:\/\/www.badspirits.it\/es\/nuestra-historia\/","og_site_name":"Bad Spirits","article_modified_time":"2023-11-03T09:22:29+00:00","twitter_card":"summary_large_image","twitter_misc":{"Tiempo de lectura":"1 minuto"},"schema":{"@context":"https:\/\/schema.org","@graph":[{"@type":"WebPage","@id":"https:\/\/www.badspirits.it\/es\/nuestra-historia\/","url":"https:\/\/www.badspirits.it\/es\/nuestra-historia\/","name":"Nuestra historia - Bad Spirits","isPartOf":{"@id":"https:\/\/www.badspirits.it\/es\/#website"},"datePublished":"2022-02-17T20:04:06+00:00","dateModified":"2023-11-03T09:22:29+00:00","breadcrumb":{"@id":"https:\/\/www.badspirits.it\/es\/nuestra-historia\/#breadcrumb"},"inLanguage":"es","potentialAction":[{"@type":"ReadAction","target":["https:\/\/www.badspirits.it\/es\/nuestra-historia\/"]}]},{"@type":"BreadcrumbList","@id":"https:\/\/www.badspirits.it\/es\/nuestra-historia\/#breadcrumb","itemListElement":[{"@type":"ListItem","position":1,"name":"Home","item":"https:\/\/www.badspirits.it\/es\/"},{"@type":"ListItem","position":2,"name":"Nuestra historia"}]},{"@type":"WebSite","@id":"https:\/\/www.badspirits.it\/es\/#website","url":"https:\/\/www.badspirits.it\/es\/","name":"Bad Spirits","description":"","publisher":{"@id":"https:\/\/www.badspirits.it\/es\/#organization"},"potentialAction":[{"@type":"SearchAction","target":{"@type":"EntryPoint","urlTemplate":"https:\/\/www.badspirits.it\/es\/?s={search_term_string}"},"query-input":{"@type":"PropertyValueSpecification","valueRequired":true,"valueName":"search_term_string"}}],"inLanguage":"es"},{"@type":"Organization","@id":"https:\/\/www.badspirits.it\/es\/#organization","name":"Bad Spirits","url":"https:\/\/www.badspirits.it\/es\/","logo":{"@type":"ImageObject","inLanguage":"es","@id":"https:\/\/www.badspirits.it\/es\/#\/schema\/logo\/image\/","url":"https:\/\/www.badspirits.it\/wp-content\/uploads\/2022\/05\/bad-spirits.svg","contentUrl":"https:\/\/www.badspirits.it\/wp-content\/uploads\/2022\/05\/bad-spirits.svg","width":163,"height":120,"caption":"Bad Spirits"},"image":{"@id":"https:\/\/www.badspirits.it\/es\/#\/schema\/logo\/image\/"}}]}},"_links":{"self":[{"href":"https:\/\/www.badspirits.it\/es\/wp-json\/wp\/v2\/pages\/1135"}],"collection":[{"href":"https:\/\/www.badspirits.it\/es\/wp-json\/wp\/v2\/pages"}],"about":[{"href":"https:\/\/www.badspirits.it\/es\/wp-json\/wp\/v2\/types\/page"}],"author":[{"embeddable":true,"href":"https:\/\/www.badspirits.it\/es\/wp-json\/wp\/v2\/users\/3"}],"replies":[{"embeddable":true,"href":"https:\/\/www.badspirits.it\/es\/wp-json\/wp\/v2\/comments?post=1135"}],"version-history":[{"count":7,"href":"https:\/\/www.badspirits.it\/es\/wp-json\/wp\/v2\/pages\/1135\/revisions"}],"predecessor-version":[{"id":4667,"href":"https:\/\/www.badspirits.it\/es\/wp-json\/wp\/v2\/pages\/1135\/revisions\/4667"}],"wp:attachment":[{"href":"https:\/\/www.badspirits.it\/es\/wp-json\/wp\/v2\/media?parent=1135"}],"curies":[{"name":"wp","href":"https:\/\/api.w.org\/{rel}","templated":true}]}}