{"id":1876,"date":"2022-02-17T21:04:06","date_gmt":"2022-02-17T20:04:06","guid":{"rendered":"https:\/\/www.badspirits.it\/qui-sommes-nous\/"},"modified":"2023-11-03T10:22:30","modified_gmt":"2023-11-03T09:22:30","slug":"qui-sommes-nous","status":"publish","type":"page","link":"https:\/\/www.badspirits.it\/fr\/qui-sommes-nous\/","title":{"rendered":"Notre Histoire"},"content":{"rendered":"\t\t<div data-elementor-type=\"wp-page\" data-elementor-id=\"1876\" class=\"elementor elementor-1876 elementor-970\">\n\t\t\t\t\t\t<section class=\"elementor-section elementor-top-section elementor-element elementor-element-78a63c7 elementor-section-full_width elementor-section-stretched elementor-section-height-default elementor-section-height-default\" data-id=\"78a63c7\" data-element_type=\"section\" data-settings=\"{&quot;stretch_section&quot;:&quot;section-stretched&quot;,&quot;background_background&quot;:&quot;classic&quot;}\">\n\t\t\t\t\t\t<div class=\"elementor-container elementor-column-gap-default\">\n\t\t\t\t\t<div class=\"elementor-column elementor-col-100 elementor-top-column elementor-element elementor-element-8c8e86d\" data-id=\"8c8e86d\" data-element_type=\"column\">\n\t\t\t<div class=\"elementor-widget-wrap\">\n\t\t\t\t\t\t\t<\/div>\n\t\t<\/div>\n\t\t\t\t\t<\/div>\n\t\t<\/section>\n\t\t\t\t<section class=\"elementor-section elementor-top-section elementor-element elementor-element-d3ed529 elementor-section-full_width elementor-section-height-default elementor-section-height-default\" data-id=\"d3ed529\" data-element_type=\"section\">\n\t\t\t\t\t\t<div class=\"elementor-container elementor-column-gap-default\">\n\t\t\t\t\t<div class=\"elementor-column elementor-col-50 elementor-top-column elementor-element elementor-element-1a86dff\" data-id=\"1a86dff\" data-element_type=\"column\" data-settings=\"{&quot;background_background&quot;:&quot;classic&quot;}\">\n\t\t\t<div class=\"elementor-widget-wrap elementor-element-populated\">\n\t\t\t\t\t\t<div class=\"elementor-element elementor-element-ae6805d elementor-widget elementor-widget-text-editor\" data-id=\"ae6805d\" data-element_type=\"widget\" data-widget_type=\"text-editor.default\">\n\t\t\t\t<div class=\"elementor-widget-container\">\n\t\t\t\t\t\t\t<p>Andrea De Cinque et son fils Alessandro ont fond\u00e9 leur distillerie en octobre 2015 \u00e0 Bologne: la passion des deux pour le monde des boissons et les trente ann\u00e9es d\u2019exp\u00e9rience d\u2019Andrea dans ce secteur sont la cl\u00e9 pour donner vie \u00e0 une s\u00e9rie de liqueurs artisanales de haute qualit\u00e9.<\/p>\n<p>Dans les ann\u00e9es suivantes l\u2019entreprise grandit, se transforme et s&rsquo;amplifie, et d\u00e9cide de se renouveler, en modernisant les bouteilles et les \u00e9tiquettes avec une identit\u00e9 unique.<\/p>\n<p>Nos produits sont impr\u00e9visibles : des liqueurs n\u00e9es d&rsquo;anciennes recettes de plus d&rsquo;un si\u00e8cle, des liqueurs modernes mais pleines de sentiments pour leurs origines, et des liqueurs n\u00e9es d&rsquo;erreurs de production inattendues mais brillantes.<\/p>\n\t\t\t\t\t\t<\/div>\n\t\t\t\t<\/div>\n\t\t\t\t\t<\/div>\n\t\t<\/div>\n\t\t\t\t<div class=\"elementor-column elementor-col-50 elementor-top-column elementor-element elementor-element-cd6663d\" data-id=\"cd6663d\" data-element_type=\"column\" data-settings=\"{&quot;background_background&quot;:&quot;classic&quot;}\">\n\t\t\t<div class=\"elementor-widget-wrap elementor-element-populated\">\n\t\t\t\t\t\t<div class=\"elementor-element elementor-element-6a087b4 elementor-hidden-desktop elementor-widget elementor-widget-spacer\" data-id=\"6a087b4\" data-element_type=\"widget\" data-widget_type=\"spacer.default\">\n\t\t\t\t<div class=\"elementor-widget-container\">\n\t\t\t\t\t<div class=\"elementor-spacer\">\n\t\t\t<div class=\"elementor-spacer-inner\"><\/div>\n\t\t<\/div>\n\t\t\t\t<\/div>\n\t\t\t\t<\/div>\n\t\t\t\t\t<\/div>\n\t\t<\/div>\n\t\t\t\t\t<\/div>\n\t\t<\/section>\n\t\t\t\t<section class=\"elementor-section elementor-top-section elementor-element elementor-element-b4ac095 elementor-section-full_width elementor-reverse-tablet elementor-reverse-mobile elementor-section-height-default elementor-section-height-default\" data-id=\"b4ac095\" data-element_type=\"section\">\n\t\t\t\t\t\t<div class=\"elementor-container elementor-column-gap-default\">\n\t\t\t\t\t<div class=\"elementor-column elementor-col-50 elementor-top-column elementor-element elementor-element-04a48e7\" data-id=\"04a48e7\" data-element_type=\"column\" data-settings=\"{&quot;background_background&quot;:&quot;classic&quot;}\">\n\t\t\t<div class=\"elementor-widget-wrap elementor-element-populated\">\n\t\t\t\t\t\t<div class=\"elementor-element elementor-element-03996c3 elementor-hidden-desktop elementor-widget elementor-widget-spacer\" data-id=\"03996c3\" data-element_type=\"widget\" data-widget_type=\"spacer.default\">\n\t\t\t\t<div class=\"elementor-widget-container\">\n\t\t\t\t\t<div class=\"elementor-spacer\">\n\t\t\t<div class=\"elementor-spacer-inner\"><\/div>\n\t\t<\/div>\n\t\t\t\t<\/div>\n\t\t\t\t<\/div>\n\t\t\t\t\t<\/div>\n\t\t<\/div>\n\t\t\t\t<div class=\"elementor-column elementor-col-50 elementor-top-column elementor-element elementor-element-208c07b\" data-id=\"208c07b\" data-element_type=\"column\" data-settings=\"{&quot;background_background&quot;:&quot;classic&quot;}\">\n\t\t\t<div class=\"elementor-widget-wrap elementor-element-populated\">\n\t\t\t\t\t\t<div class=\"elementor-element elementor-element-1c3b671 elementor-widget elementor-widget-text-editor\" data-id=\"1c3b671\" data-element_type=\"widget\" data-widget_type=\"text-editor.default\">\n\t\t\t\t<div class=\"elementor-widget-container\">\n\t\t\t\t\t\t\t<p>La red\u00e9couverte de l\u2019h\u00e9ritage culturel de l\u2019arri\u00e8re-grand-p\u00e8re Ferdinando de Cinque (1876-1950) a mis en lumi\u00e8re un patrimoine intellectuel d\u2019une valeur inestimable et d\u2019une incroyable actualit\u00e9 : des centaines de notes et de formules, toutes encore \u00e0 \u00e9tudier, qui nous r\u00e9serveront des surprises dans ce futur proche.<\/p>\n<p>L&rsquo;entreprise est en d\u00e9veloppement continu et ses produits sont de plus en plus connus, gagnant aussi de nombreux prix dans toute l&rsquo;Italie.<\/p>\n<p>Aujourd\u2019hui, Bad Spirits propose des produits uniques sur le march\u00e9 et n\u2019a jamais cess\u00e9 de donner importance \u00e0 la qualit\u00e9, son point de force, n\u2019utilisant que d\u2019excellentes mati\u00e8res premi\u00e8res.<\/p>\n\t\t\t\t\t\t<\/div>\n\t\t\t\t<\/div>\n\t\t\t\t\t<\/div>\n\t\t<\/div>\n\t\t\t\t\t<\/div>\n\t\t<\/section>\n\t\t\t\t<section class=\"elementor-section elementor-top-section elementor-element elementor-element-c604360 elementor-section-full_width elementor-section-height-default elementor-section-height-default\" data-id=\"c604360\" data-element_type=\"section\">\n\t\t\t\t\t\t<div class=\"elementor-container elementor-column-gap-default\">\n\t\t\t\t\t<div class=\"elementor-column elementor-col-50 elementor-top-column elementor-element elementor-element-46a79e2\" data-id=\"46a79e2\" data-element_type=\"column\" data-settings=\"{&quot;background_background&quot;:&quot;classic&quot;}\">\n\t\t\t<div class=\"elementor-widget-wrap elementor-element-populated\">\n\t\t\t\t\t\t<div class=\"elementor-element elementor-element-2e01fb5 elementor-widget elementor-widget-text-editor\" data-id=\"2e01fb5\" data-element_type=\"widget\" data-widget_type=\"text-editor.default\">\n\t\t\t\t<div class=\"elementor-widget-container\">\n\t\t\t\t\t\t\t<p>L\u2019alcool de c\u00e9r\u00e9ales, notamment de bl\u00e9 et de seigle, utilis\u00e9 comme base de tous les produits, est une aide essentielle pour r\u00e9duire compl\u00e8tement l\u2019arri\u00e8re-go\u00fbt alcoolique \u00e0 la d\u00e9gustation et donner une consistance moelleuse \u00e0 chaque liqueur.<\/p>\n<p>Enfin, tous les ar\u00f4mes utilis\u00e9s sont totalement naturels et sans allerg\u00e8nes.<\/p>\n\t\t\t\t\t\t<\/div>\n\t\t\t\t<\/div>\n\t\t\t\t\t<\/div>\n\t\t<\/div>\n\t\t\t\t<div class=\"elementor-column elementor-col-50 elementor-top-column elementor-element elementor-element-c7dda55\" data-id=\"c7dda55\" data-element_type=\"column\" data-settings=\"{&quot;background_background&quot;:&quot;classic&quot;}\">\n\t\t\t<div class=\"elementor-widget-wrap elementor-element-populated\">\n\t\t\t\t\t\t<div class=\"elementor-element elementor-element-f8a04e2 elementor-hidden-desktop elementor-widget elementor-widget-spacer\" data-id=\"f8a04e2\" data-element_type=\"widget\" data-widget_type=\"spacer.default\">\n\t\t\t\t<div class=\"elementor-widget-container\">\n\t\t\t\t\t<div class=\"elementor-spacer\">\n\t\t\t<div class=\"elementor-spacer-inner\"><\/div>\n\t\t<\/div>\n\t\t\t\t<\/div>\n\t\t\t\t<\/div>\n\t\t\t\t\t<\/div>\n\t\t<\/div>\n\t\t\t\t\t<\/div>\n\t\t<\/section>\n\t\t\t\t<\/div>\n\t\t","protected":false},"excerpt":{"rendered":"<p>Andrea De Cinque et son fils Alessandro ont fond\u00e9 leur distillerie en octobre 2015 \u00e0 Bologne: la passion des deux pour le monde des boissons et les trente ann\u00e9es d\u2019exp\u00e9rience d\u2019Andrea dans ce secteur sont la cl\u00e9 pour donner vie \u00e0 une s\u00e9rie de liqueurs artisanales de haute qualit\u00e9. Dans&#8230;<\/p>\n","protected":false},"author":3,"featured_media":0,"parent":0,"menu_order":0,"comment_status":"closed","ping_status":"closed","template":"elementor_header_footer","meta":{"inline_featured_image":false,"footnotes":""},"class_list":["post-1876","page","type-page","status-publish","hentry"],"yoast_head":"<!-- This site is optimized with the Yoast SEO plugin v24.9 - https:\/\/yoast.com\/wordpress\/plugins\/seo\/ -->\n<title>Notre Histoire - Bad Spirits<\/title>\n<meta name=\"robots\" content=\"index, follow, max-snippet:-1, max-image-preview:large, max-video-preview:-1\" \/>\n<link rel=\"canonical\" href=\"https:\/\/www.badspirits.it\/fr\/qui-sommes-nous\/\" \/>\n<meta property=\"og:locale\" content=\"fr_FR\" \/>\n<meta property=\"og:type\" content=\"article\" \/>\n<meta property=\"og:title\" content=\"Notre Histoire - Bad Spirits\" \/>\n<meta property=\"og:description\" content=\"Andrea De Cinque et son fils Alessandro ont fond\u00e9 leur distillerie en octobre 2015 \u00e0 Bologne: la passion des deux pour le monde des boissons et les trente ann\u00e9es d\u2019exp\u00e9rience d\u2019Andrea dans ce secteur sont la cl\u00e9 pour donner vie \u00e0 une s\u00e9rie de liqueurs artisanales de haute qualit\u00e9. Dans...\" \/>\n<meta property=\"og:url\" content=\"https:\/\/www.badspirits.it\/fr\/qui-sommes-nous\/\" \/>\n<meta property=\"og:site_name\" content=\"Bad Spirits\" \/>\n<meta property=\"article:modified_time\" content=\"2023-11-03T09:22:30+00:00\" \/>\n<meta name=\"twitter:card\" content=\"summary_large_image\" \/>\n<meta name=\"twitter:label1\" content=\"Dur\u00e9e de lecture estim\u00e9e\" \/>\n\t<meta name=\"twitter:data1\" content=\"1 minute\" \/>\n<script type=\"application\/ld+json\" class=\"yoast-schema-graph\">{\"@context\":\"https:\/\/schema.org\",\"@graph\":[{\"@type\":\"WebPage\",\"@id\":\"https:\/\/www.badspirits.it\/fr\/qui-sommes-nous\/\",\"url\":\"https:\/\/www.badspirits.it\/fr\/qui-sommes-nous\/\",\"name\":\"Notre Histoire - Bad Spirits\",\"isPartOf\":{\"@id\":\"https:\/\/www.badspirits.it\/fr\/#website\"},\"datePublished\":\"2022-02-17T20:04:06+00:00\",\"dateModified\":\"2023-11-03T09:22:30+00:00\",\"breadcrumb\":{\"@id\":\"https:\/\/www.badspirits.it\/fr\/qui-sommes-nous\/#breadcrumb\"},\"inLanguage\":\"fr-FR\",\"potentialAction\":[{\"@type\":\"ReadAction\",\"target\":[\"https:\/\/www.badspirits.it\/fr\/qui-sommes-nous\/\"]}]},{\"@type\":\"BreadcrumbList\",\"@id\":\"https:\/\/www.badspirits.it\/fr\/qui-sommes-nous\/#breadcrumb\",\"itemListElement\":[{\"@type\":\"ListItem\",\"position\":1,\"name\":\"Home\",\"item\":\"https:\/\/www.badspirits.it\/fr\/\"},{\"@type\":\"ListItem\",\"position\":2,\"name\":\"Notre Histoire\"}]},{\"@type\":\"WebSite\",\"@id\":\"https:\/\/www.badspirits.it\/fr\/#website\",\"url\":\"https:\/\/www.badspirits.it\/fr\/\",\"name\":\"Bad Spirits\",\"description\":\"\",\"publisher\":{\"@id\":\"https:\/\/www.badspirits.it\/fr\/#organization\"},\"potentialAction\":[{\"@type\":\"SearchAction\",\"target\":{\"@type\":\"EntryPoint\",\"urlTemplate\":\"https:\/\/www.badspirits.it\/fr\/?s={search_term_string}\"},\"query-input\":{\"@type\":\"PropertyValueSpecification\",\"valueRequired\":true,\"valueName\":\"search_term_string\"}}],\"inLanguage\":\"fr-FR\"},{\"@type\":\"Organization\",\"@id\":\"https:\/\/www.badspirits.it\/fr\/#organization\",\"name\":\"Bad Spirits\",\"url\":\"https:\/\/www.badspirits.it\/fr\/\",\"logo\":{\"@type\":\"ImageObject\",\"inLanguage\":\"fr-FR\",\"@id\":\"https:\/\/www.badspirits.it\/fr\/#\/schema\/logo\/image\/\",\"url\":\"https:\/\/www.badspirits.it\/wp-content\/uploads\/2022\/05\/bad-spirits.svg\",\"contentUrl\":\"https:\/\/www.badspirits.it\/wp-content\/uploads\/2022\/05\/bad-spirits.svg\",\"width\":163,\"height\":120,\"caption\":\"Bad Spirits\"},\"image\":{\"@id\":\"https:\/\/www.badspirits.it\/fr\/#\/schema\/logo\/image\/\"}}]}<\/script>\n<!-- \/ Yoast SEO plugin. -->","yoast_head_json":{"title":"Notre Histoire - Bad Spirits","robots":{"index":"index","follow":"follow","max-snippet":"max-snippet:-1","max-image-preview":"max-image-preview:large","max-video-preview":"max-video-preview:-1"},"canonical":"https:\/\/www.badspirits.it\/fr\/qui-sommes-nous\/","og_locale":"fr_FR","og_type":"article","og_title":"Notre Histoire - Bad Spirits","og_description":"Andrea De Cinque et son fils Alessandro ont fond\u00e9 leur distillerie en octobre 2015 \u00e0 Bologne: la passion des deux pour le monde des boissons et les trente ann\u00e9es d\u2019exp\u00e9rience d\u2019Andrea dans ce secteur sont la cl\u00e9 pour donner vie \u00e0 une s\u00e9rie de liqueurs artisanales de haute qualit\u00e9. Dans...","og_url":"https:\/\/www.badspirits.it\/fr\/qui-sommes-nous\/","og_site_name":"Bad Spirits","article_modified_time":"2023-11-03T09:22:30+00:00","twitter_card":"summary_large_image","twitter_misc":{"Dur\u00e9e de lecture estim\u00e9e":"1 minute"},"schema":{"@context":"https:\/\/schema.org","@graph":[{"@type":"WebPage","@id":"https:\/\/www.badspirits.it\/fr\/qui-sommes-nous\/","url":"https:\/\/www.badspirits.it\/fr\/qui-sommes-nous\/","name":"Notre Histoire - Bad Spirits","isPartOf":{"@id":"https:\/\/www.badspirits.it\/fr\/#website"},"datePublished":"2022-02-17T20:04:06+00:00","dateModified":"2023-11-03T09:22:30+00:00","breadcrumb":{"@id":"https:\/\/www.badspirits.it\/fr\/qui-sommes-nous\/#breadcrumb"},"inLanguage":"fr-FR","potentialAction":[{"@type":"ReadAction","target":["https:\/\/www.badspirits.it\/fr\/qui-sommes-nous\/"]}]},{"@type":"BreadcrumbList","@id":"https:\/\/www.badspirits.it\/fr\/qui-sommes-nous\/#breadcrumb","itemListElement":[{"@type":"ListItem","position":1,"name":"Home","item":"https:\/\/www.badspirits.it\/fr\/"},{"@type":"ListItem","position":2,"name":"Notre Histoire"}]},{"@type":"WebSite","@id":"https:\/\/www.badspirits.it\/fr\/#website","url":"https:\/\/www.badspirits.it\/fr\/","name":"Bad Spirits","description":"","publisher":{"@id":"https:\/\/www.badspirits.it\/fr\/#organization"},"potentialAction":[{"@type":"SearchAction","target":{"@type":"EntryPoint","urlTemplate":"https:\/\/www.badspirits.it\/fr\/?s={search_term_string}"},"query-input":{"@type":"PropertyValueSpecification","valueRequired":true,"valueName":"search_term_string"}}],"inLanguage":"fr-FR"},{"@type":"Organization","@id":"https:\/\/www.badspirits.it\/fr\/#organization","name":"Bad Spirits","url":"https:\/\/www.badspirits.it\/fr\/","logo":{"@type":"ImageObject","inLanguage":"fr-FR","@id":"https:\/\/www.badspirits.it\/fr\/#\/schema\/logo\/image\/","url":"https:\/\/www.badspirits.it\/wp-content\/uploads\/2022\/05\/bad-spirits.svg","contentUrl":"https:\/\/www.badspirits.it\/wp-content\/uploads\/2022\/05\/bad-spirits.svg","width":163,"height":120,"caption":"Bad Spirits"},"image":{"@id":"https:\/\/www.badspirits.it\/fr\/#\/schema\/logo\/image\/"}}]}},"_links":{"self":[{"href":"https:\/\/www.badspirits.it\/fr\/wp-json\/wp\/v2\/pages\/1876"}],"collection":[{"href":"https:\/\/www.badspirits.it\/fr\/wp-json\/wp\/v2\/pages"}],"about":[{"href":"https:\/\/www.badspirits.it\/fr\/wp-json\/wp\/v2\/types\/page"}],"author":[{"embeddable":true,"href":"https:\/\/www.badspirits.it\/fr\/wp-json\/wp\/v2\/users\/3"}],"replies":[{"embeddable":true,"href":"https:\/\/www.badspirits.it\/fr\/wp-json\/wp\/v2\/comments?post=1876"}],"version-history":[{"count":15,"href":"https:\/\/www.badspirits.it\/fr\/wp-json\/wp\/v2\/pages\/1876\/revisions"}],"predecessor-version":[{"id":4668,"href":"https:\/\/www.badspirits.it\/fr\/wp-json\/wp\/v2\/pages\/1876\/revisions\/4668"}],"wp:attachment":[{"href":"https:\/\/www.badspirits.it\/fr\/wp-json\/wp\/v2\/media?parent=1876"}],"curies":[{"name":"wp","href":"https:\/\/api.w.org\/{rel}","templated":true}]}}